{"id":241881,"date":"2021-11-17T17:22:11","date_gmt":"2021-11-17T17:22:11","guid":{"rendered":"https:\/\/test.dastn.org\/?page_id=241881"},"modified":"2021-12-13T16:35:28","modified_gmt":"2021-12-13T16:35:28","slug":"agb","status":"publish","type":"page","link":"https:\/\/eamarketing24.de\/en\/agb","title":{"rendered":"Conditions"},"content":{"rendered":"<p>[et_pb_section fb_built=&#8220;1&#8243; _builder_version=&#8220;4.13.1&#8243; _module_preset=&#8220;default&#8220; global_colors_info=&#8220;{}&#8220;][et_pb_row _builder_version=&#8220;4.13.1&#8243; _module_preset=&#8220;default&#8220; global_colors_info=&#8220;{}&#8220;][et_pb_column type=&#8220;4_4&#8243; _builder_version=&#8220;4.13.1&#8243; _module_preset=&#8220;default&#8220; global_colors_info=&#8220;{}&#8220;][et_pb_text _builder_version=&#8220;4.13.1&#8243; _module_preset=&#8220;default&#8220; global_colors_info=&#8220;{}&#8220;]<\/p>\n<p>&nbsp;<\/p>\n<h1>Allgemeine Gesch\u00e4ftsbedingungen<\/h1>\n<p>Letzte Aktualisierung: 13.\u00a0Dezember\u00a02021<\/p>\n<p>Bitte lesen Sie diese Bedingungen sorgf\u00e4ltig durch, bevor Sie unseren Service nutzen.<\/p>\n<h1>Interpretation und Definitionen<\/h1>\n<h2>Interpretation<\/h2>\n<p>Die Bedeutungen der W\u00f6rter, deren Anfangsbuchstabe gro\u00dfgeschrieben wird, werden unter den folgenden Bedingungen definiert. Die folgenden Definitionen haben dieselbe Bedeutung, unabh\u00e4ngig davon, ob sie im Singular oder im Plural erscheinen.<\/p>\n<h2>Definitionen<\/h2>\n<p>F\u00fcr die Zwecke dieser Allgemeinen Gesch\u00e4ftsbedingungen:<\/p>\n<ul>\n<li><strong>Verbundenes Unternehmen<\/strong> bezeichnet ein Unternehmen, das eine Partei kontrolliert, von dieser kontrolliert wird oder unter gemeinsamer Kontrolle mit einer Partei steht, wobei &#8222;Kontrolle&#8220; bedeutet den Besitz von 50 % oder mehr der Aktien, Beteiligungen oder anderen Wertpapiere, die zur Wahl von Direktoren oder anderen Verwaltungsbeh\u00f6rden stimmberechtigt sind.<\/li>\n<li><strong>Land<\/strong> bezieht sich auf: Mecklenburg-Vorpommern, Deutschland<\/li>\n<li><strong>Unternehmen<\/strong> (in dieser Vereinbarung entweder als &#8222;das Unternehmen&#8220;, &#8222;wir&#8220;, &#8222;uns&#8220; oder &#8222;unser&#8220; bezeichnet) bezieht sich auf eamarketing24, K\u00f6rnerstr.20 19055 Schwerin Deutschland .<\/li>\n<li><strong>Ger\u00e4t<\/strong> bezeichnet jedes Ger\u00e4t, das auf den Dienst zugreifen kann, beispielsweise ein Computer, ein Mobiltelefon oder ein digitales Tablet.<\/li>\n<li><strong>Dienst<\/strong> bezieht sich auf die Website.<\/li>\n<li><strong>Drittanbieter-Social-Media-Dienst<\/strong> bezeichnet alle Dienste oder Inhalte (einschlie\u00dflich Daten, Informationen, Produkte oder Dienste), die von einem Drittanbieter bereitgestellt werden und von dem Dienst angezeigt, eingebunden oder bereitgestellt werden k\u00f6nnen.<\/li>\n<li><strong>Website<\/strong> bezieht sich auf eamarketing24, zug\u00e4nglich \u00fcber <a href=\"https:\/\/eamarketing24.de\/\" rel=\"external nofollow noopener\" target=\"_blank\">https:\/\/eamarketing24. com\/<\/a><\/li>\n<li><strong>Sie<\/strong> bezeichnet die Person, die auf den Dienst zugreift oder diese nutzt, oder das Unternehmen oder eine andere juristische Person, in deren Namen diese Person auf den Dienst zugreift oder ihn nutzt, sofern zutreffend.<\/li>\n<\/ul>\n<h1>Best\u00e4tigung<\/h1>\n<p>Dies sind die Allgemeinen Gesch\u00e4ftsbedingungen, die die Nutzung dieses Dienstes und die Vereinbarung zwischen Ihnen und dem Unternehmen regeln. Diese Allgemeinen Gesch\u00e4ftsbedingungen legen die Rechte und Pflichten aller Benutzer in Bezug auf die Nutzung des Dienstes fest.<\/p>\n<p>Ihr Zugriff auf und Ihre Nutzung des Dienstes h\u00e4ngt von Ihrer Annahme und Einhaltung dieser Allgemeinen Gesch\u00e4ftsbedingungen ab. Diese Allgemeinen Gesch\u00e4ftsbedingungen gelten f\u00fcr alle Besucher, Benutzer und andere, die auf den Dienst zugreifen oder ihn nutzen.<\/p>\n<p>Durch den Zugriff auf oder die Nutzung des Dienstes erkl\u00e4ren Sie sich mit diesen Allgemeinen Gesch\u00e4ftsbedingungen einverstanden. Wenn Sie mit einem Teil dieser Allgemeinen Gesch\u00e4ftsbedingungen nicht einverstanden sind, d\u00fcrfen Sie nicht auf den Dienst zugreifen.<\/p>\n<p>Sie erkl\u00e4ren, dass Sie \u00fcber 18 Jahre alt sind. Das Unternehmen gestattet Personen unter 18 Jahren nicht, den Service zu nutzen.<\/p>\n<p>Ihr Zugriff auf und Ihre Nutzung des Dienstes h\u00e4ngt auch davon ab, dass Sie die Datenschutzrichtlinie des Unternehmens akzeptieren und einhalten. Unsere Datenschutzrichtlinie beschreibt unsere Richtlinien und Verfahren zur Erfassung, Verwendung und Offenlegung Ihrer personenbezogenen Daten, wenn Sie die Anwendung oder die Website nutzen, und informiert Sie \u00fcber Ihre Datenschutzrechte und wie das Gesetz Sie sch\u00fctzt. Bitte lesen Sie unsere Datenschutzrichtlinie sorgf\u00e4ltig durch, bevor Sie unseren Service nutzen.<\/p>\n<h1>Links zu anderen Websites<\/h1>\n<p>Unser Dienst kann Links zu Websites oder Diensten von Drittanbietern enthalten, die nicht Eigentum des Unternehmens sind oder von diesem kontrolliert werden.<\/p>\n<p>Das Unternehmen hat keine Kontrolle \u00fcber die Inhalte, Datenschutzrichtlinien oder Praktiken von Websites oder Diensten Dritter und \u00fcbernimmt keine Verantwortung daf\u00fcr. Sie erkennen ferner an und stimmen zu, dass das Unternehmen weder direkt noch indirekt f\u00fcr Sch\u00e4den oder Verluste verantwortlich oder haftbar ist, die durch oder im Zusammenhang mit der Nutzung oder dem Vertrauen auf solche Inhalte, Waren oder Dienstleistungen, die auf oder \u00fcber solche Websites oder Dienste.<\/p>\n<p>Wir empfehlen Ihnen dringend, die Allgemeinen Gesch\u00e4ftsbedingungen und Datenschutzrichtlinien aller Websites oder Dienste Dritter zu lesen, die Sie besuchen.<\/p>\n<h1>K\u00fcndigung<\/h1>\n<p>Wir k\u00f6nnen Ihren Zugriff ohne vorherige Ank\u00fcndigung oder Haftung aus irgendeinem Grund sofort beenden oder aussetzen, einschlie\u00dflich und ohne Einschr\u00e4nkung, wenn Sie gegen diese Allgemeinen Gesch\u00e4ftsbedingungen versto\u00dfen.<\/p>\n<p>Nach der K\u00fcndigung erlischt Ihr Recht zur Nutzung des Dienstes mit sofortiger Wirkung.<\/p>\n<h1>Haftungsbeschr\u00e4nkung<\/h1>\n<p>Ungeachtet etwaiger Sch\u00e4den, die Ihnen m\u00f6glicherweise entstehen, beschr\u00e4nkt sich die gesamte Haftung des Unternehmens und seiner Lieferanten gem\u00e4\u00df einer Bestimmung dieser Bedingungen und Ihr ausschlie\u00dflicher Rechtsbehelf f\u00fcr alles Vorstehende auf die<\/p>\n<p>[\/et_pb_text][\/et_pb_column][\/et_pb_row][\/et_pb_section]<\/p>\n","protected":false},"excerpt":{"rendered":"<p>&nbsp; Allgemeine Gesch\u00e4ftsbedingungen Letzte Aktualisierung: 13.\u00a0Dezember\u00a02021 Bitte lesen Sie diese Bedingungen sorgf\u00e4ltig durch, bevor Sie unseren Service nutzen. Interpretation und Definitionen Interpretation Die Bedeutungen der W\u00f6rter, deren Anfangsbuchstabe gro\u00dfgeschrieben wird, werden unter den folgenden Bedingungen definiert. Die folgenden Definitionen haben dieselbe Bedeutung, unabh\u00e4ngig davon, ob sie im Singular oder im Plural erscheinen. Definitionen F\u00fcr die [&hellip;]<\/p>\n","protected":false},"author":1,"featured_media":0,"parent":0,"menu_order":0,"comment_status":"closed","ping_status":"closed","template":"","meta":{"_et_pb_use_builder":"on","_et_pb_old_content":"","_et_gb_content_width":"","_monsterinsights_skip_tracking":false,"_monsterinsights_sitenote_active":false,"_monsterinsights_sitenote_note":"","_monsterinsights_sitenote_category":0,"footnotes":""},"class_list":["post-241881","page","type-page","status-publish","hentry"],"_links":{"self":[{"href":"https:\/\/eamarketing24.de\/en\/wp-json\/wp\/v2\/pages\/241881","targetHints":{"allow":["GET"]}}],"collection":[{"href":"https:\/\/eamarketing24.de\/en\/wp-json\/wp\/v2\/pages"}],"about":[{"href":"https:\/\/eamarketing24.de\/en\/wp-json\/wp\/v2\/types\/page"}],"author":[{"embeddable":true,"href":"https:\/\/eamarketing24.de\/en\/wp-json\/wp\/v2\/users\/1"}],"replies":[{"embeddable":true,"href":"https:\/\/eamarketing24.de\/en\/wp-json\/wp\/v2\/comments?post=241881"}],"version-history":[{"count":4,"href":"https:\/\/eamarketing24.de\/en\/wp-json\/wp\/v2\/pages\/241881\/revisions"}],"predecessor-version":[{"id":242017,"href":"https:\/\/eamarketing24.de\/en\/wp-json\/wp\/v2\/pages\/241881\/revisions\/242017"}],"wp:attachment":[{"href":"https:\/\/eamarketing24.de\/en\/wp-json\/wp\/v2\/media?parent=241881"}],"curies":[{"name":"wp","href":"https:\/\/api.w.org\/{rel}","templated":true}]}}