{"id":241885,"date":"2021-11-17T17:23:22","date_gmt":"2021-11-17T17:23:22","guid":{"rendered":"https:\/\/test.dastn.org\/?page_id=241885"},"modified":"2021-12-13T16:27:04","modified_gmt":"2021-12-13T16:27:04","slug":"datenschutz","status":"publish","type":"page","link":"https:\/\/eamarketing24.de\/en\/datenschutz","title":{"rendered":"Data Protection"},"content":{"rendered":"<p>[et_pb_section fb_built=&#8220;1&#8243; _builder_version=&#8220;4.13.1&#8243; _module_preset=&#8220;default&#8220; global_colors_info=&#8220;{}&#8220;][et_pb_row _builder_version=&#8220;4.13.1&#8243; _module_preset=&#8220;default&#8220; global_colors_info=&#8220;{}&#8220;][et_pb_column type=&#8220;4_4&#8243; _builder_version=&#8220;4.13.1&#8243; _module_preset=&#8220;default&#8220; global_colors_info=&#8220;{}&#8220;][et_pb_text _builder_version=&#8220;4.13.1&#8243; _module_preset=&#8220;default&#8220; global_colors_info=&#8220;{}&#8220;]<\/p>\n<h1><strong>Datenschutzerkl\u00e4rung f\u00fcr eamarketing24<\/strong><\/h1>\n<p>Bei eamarketing24.com, erreichbar \u00fcber https:\/\/eamarketing24.de\/, ist die Privatsph\u00e4re unserer Besucher eine unserer Hauptpriorit\u00e4ten. Dieses Datenschutzerkl\u00e4rungsdokument enth\u00e4lt Arten von Informationen, die von eamarketing24.com gesammelt und aufgezeichnet werden, und wie wir sie verwenden.<\/p>\n<p>Wenn Sie weitere Fragen haben oder weitere Informationen zu unserer Datenschutzerkl\u00e4rung ben\u00f6tigen, z\u00f6gern Sie nicht, uns zu kontaktieren.<\/p>\n<p>Diese Datenschutzrichtlinie gilt nur f\u00fcr unsere Online-Aktivit\u00e4ten und gilt f\u00fcr Besucher unserer Website in Bezug auf die Informationen, die sie auf eamarketing24.com geteilt und\/oder gesammelt haben. Diese Richtlinie gilt nicht f\u00fcr Informationen, die offline oder \u00fcber andere Kan\u00e4le als diese Website gesammelt werden.<\/p>\n<p>Zustimmung<br \/>Durch die Nutzung unserer Website stimmen Sie hiermit unserer Datenschutzrichtlinie zu und stimmen ihren Bedingungen zu.<\/p>\n<p>Informationen, die wir sammeln<br \/>Die personenbezogenen Daten, um die Sie gebeten werden, und die Gr\u00fcnde, warum Sie gebeten werden, diese anzugeben, werden Ihnen an der Stelle deutlich gemacht, an der wir Sie um die Angabe Ihrer personenbezogenen Daten bitten.<\/p>\n<p>Wenn Sie uns direkt kontaktieren, erhalten wir m\u00f6glicherweise zus\u00e4tzliche Informationen \u00fcber Sie, wie Ihren Namen, Ihre E-Mail-Adresse, Ihre Telefonnummer, den Inhalt der Nachricht und\/oder der Anh\u00e4nge, die Sie uns m\u00f6glicherweise senden, sowie alle anderen Informationen, die Sie uns zur Verf\u00fcgung stellen.<\/p>\n<p>Wenn Sie sich f\u00fcr ein Konto registrieren, fragen wir m\u00f6glicherweise nach Ihren Kontaktinformationen, einschlie\u00dflich Angaben wie Name, Firmenname, Adresse, E-Mail-Adresse und Telefonnummer.<\/p>\n<p>Wie wir Ihre Informationen verwenden<br \/>Wir verwenden die von uns gesammelten Informationen auf verschiedene Weise, unter anderem um:<\/p>\n<p>Bereitstellung, Betrieb und Wartung unserer Website<br \/>Verbessern, personalisieren und erweitern Sie unsere Website<br \/>Verstehen und analysieren Sie, wie Sie unsere Website nutzen<br \/>Entwickeln Sie neue Produkte, Dienste, Funktionen und Funktionen<br \/>Kommunikation mit Ihnen, entweder direkt oder \u00fcber einen unserer Partner, auch f\u00fcr den Kundenservice, um Ihnen Updates und andere Informationen in Bezug auf die Website bereitzustellen, sowie f\u00fcr Marketing- und Werbezwecke<br \/>Schicke dir E-Mails<br \/>Betrug erkennen und verhindern<br \/>Protokolldateien<br \/>eamarketing24.com verwendet ein Standardverfahren zur Verwendung von Protokolldateien. Diese Dateien protokollieren Besucher, wenn sie Websites besuchen. Alle Hosting-Unternehmen tun dies und sind Teil der Analyse der Hosting-Dienste. Zu den durch Protokolldateien gesammelten Informationen geh\u00f6ren Internetprotokoll-(IP-)Adressen, Browsertyp, Internetdienstanbieter (ISP), Datums- und Zeitstempel, Verweis-\/Ausstiegsseiten und m\u00f6glicherweise die Anzahl der Klicks. Diese sind nicht mit personenbezogenen Daten verkn\u00fcpft. Der Zweck der Informationen besteht darin, Trends zu analysieren, die Website zu verwalten, die Bewegungen der Benutzer auf der Website zu verfolgen und demografische Informationen zu sammeln.<\/p>\n<p>Cookies und Web-Beacons<br \/>Wie jede andere Website verwendet eamarketing24.com \u201aCookies\u2018. Diese Cookies werden verwendet, um Informationen einschlie\u00dflich der Pr\u00e4ferenzen der Besucher und der Seiten der Website zu speichern, die der Besucher aufgerufen oder besucht hat. Die Informationen werden verwendet, um die Benutzererfahrung zu optimieren, indem der Inhalt unserer Webseiten basierend auf dem Browsertyp der Besucher und\/oder anderen Informationen angepasst wird.<\/p>\n<p>Weitere allgemeine Informationen zu Cookies finden Sie im Artikel zu Cookies auf der Website zum Generieren von Datenschutzrichtlinien.<\/p>\n<p>Datenschutzrichtlinien von Werbepartnern<br \/>Sie k\u00f6nnen diese Liste konsultieren, um die Datenschutzrichtlinien f\u00fcr jeden der Werbepartner von eamarketing24.com zu finden.<\/p>\n<p>Adserver oder Werbenetzwerke von Drittanbietern verwenden Technologien wie Cookies, JavaScript oder Web Beacons, die in ihren jeweiligen Anzeigen verwendet werden, und Links, die auf eamarketing24.com erscheinen und direkt an den Browser des Benutzers gesendet werden. Sie erhalten dabei automatisch Ihre IP-Adresse. Diese Technologien werden verwendet, um die Wirksamkeit ihrer Werbekampagnen zu messen und\/oder die Werbeinhalte zu personalisieren, die Sie auf den von Ihnen besuchten Websites sehen.<\/p>\n<p>Beachten Sie, dass eamarketing24.com keinen Zugriff auf oder Kontrolle \u00fcber diese Cookies hat, die von Drittanbietern verwendet werden.<\/p>\n<p>Datenschutzrichtlinien von Drittanbietern<br \/>Die Datenschutzrichtlinie von eamarketing24.com gilt nicht f\u00fcr andere Werbetreibende oder Websites. Daher empfehlen wir Ihnen, die jeweiligen Datenschutzrichtlinien dieser Drittanbieter-Ad-Server f\u00fcr detailliertere Informationen zu konsultieren. Es kann ihre Praktiken und Anweisungen zum Deaktivieren bestimmter Optionen enthalten.<\/p>\n<p>Sie k\u00f6nnen Cookies \u00fcber Ihre individuellen Browseroptionen deaktivieren. N\u00e4here Informationen zur Cookie-Verwaltung mit bestimmten Webbrowsern finden Sie auf den jeweiligen Websites der Browser.<\/p>\n<p>CCPA-Datenschutzrechte (Meine pers\u00f6nlichen Daten nicht verkaufen)<br \/>Unter dem CCPA haben kalifornische Verbraucher unter anderem das Recht:<\/p>\n<p>Fordern Sie auf, dass ein Unternehmen, das die personenbezogenen Daten eines Verbrauchers erhebt, die Kategorien und spezifischen Teile personenbezogener Daten offenlegt, die ein Unternehmen \u00fcber Verbraucher gesammelt hat.<\/p>\n<p>Fordern Sie an, dass ein Unternehmen alle personenbezogenen Daten \u00fcber den Verbraucher l\u00f6scht, die ein Unternehmen gesammelt hat.<\/p>\n<p>Fordern Sie ein Unternehmen auf, das die personenbezogenen Daten eines Verbrauchers verkauft, nicht die personenbezogenen Daten des Verbrauchers.<\/p>\n<p>Wenn Sie eine Anfrage stellen, haben wir einen Monat Zeit, um Ihnen zu antworten. Wenn Sie eines von aus\u00fcben m\u00f6chten<\/p>\n<p>[\/et_pb_text][\/et_pb_column][\/et_pb_row][\/et_pb_section]<\/p>\n","protected":false},"excerpt":{"rendered":"<p>Datenschutzerkl\u00e4rung f\u00fcr eamarketing24 Bei eamarketing24.com, erreichbar \u00fcber https:\/\/eamarketing24.de\/, ist die Privatsph\u00e4re unserer Besucher eine unserer Hauptpriorit\u00e4ten. Dieses Datenschutzerkl\u00e4rungsdokument enth\u00e4lt Arten von Informationen, die von eamarketing24.com gesammelt und aufgezeichnet werden, und wie wir sie verwenden. Wenn Sie weitere Fragen haben oder weitere Informationen zu unserer Datenschutzerkl\u00e4rung ben\u00f6tigen, z\u00f6gern Sie nicht, uns zu kontaktieren. Diese Datenschutzrichtlinie gilt [&hellip;]<\/p>\n","protected":false},"author":1,"featured_media":0,"parent":0,"menu_order":0,"comment_status":"closed","ping_status":"closed","template":"","meta":{"_et_pb_use_builder":"on","_et_pb_old_content":"","_et_gb_content_width":"","_monsterinsights_skip_tracking":false,"_monsterinsights_sitenote_active":false,"_monsterinsights_sitenote_note":"","_monsterinsights_sitenote_category":0,"footnotes":""},"class_list":["post-241885","page","type-page","status-publish","hentry"],"_links":{"self":[{"href":"https:\/\/eamarketing24.de\/en\/wp-json\/wp\/v2\/pages\/241885","targetHints":{"allow":["GET"]}}],"collection":[{"href":"https:\/\/eamarketing24.de\/en\/wp-json\/wp\/v2\/pages"}],"about":[{"href":"https:\/\/eamarketing24.de\/en\/wp-json\/wp\/v2\/types\/page"}],"author":[{"embeddable":true,"href":"https:\/\/eamarketing24.de\/en\/wp-json\/wp\/v2\/users\/1"}],"replies":[{"embeddable":true,"href":"https:\/\/eamarketing24.de\/en\/wp-json\/wp\/v2\/comments?post=241885"}],"version-history":[{"count":7,"href":"https:\/\/eamarketing24.de\/en\/wp-json\/wp\/v2\/pages\/241885\/revisions"}],"predecessor-version":[{"id":242015,"href":"https:\/\/eamarketing24.de\/en\/wp-json\/wp\/v2\/pages\/241885\/revisions\/242015"}],"wp:attachment":[{"href":"https:\/\/eamarketing24.de\/en\/wp-json\/wp\/v2\/media?parent=241885"}],"curies":[{"name":"wp","href":"https:\/\/api.w.org\/{rel}","templated":true}]}}