{"id":241935,"date":"2021-11-19T14:21:58","date_gmt":"2021-11-19T14:21:58","guid":{"rendered":"https:\/\/test.dastn.org\/?page_id=241935"},"modified":"2022-01-25T15:02:22","modified_gmt":"2022-01-25T15:02:22","slug":"podcast","status":"publish","type":"page","link":"https:\/\/eamarketing24.de\/en\/podcast","title":{"rendered":"Podcast"},"content":{"rendered":"<p>[et_pb_section fb_built=&#8220;1&#8243; _builder_version=&#8220;4.13.1&#8243; _module_preset=&#8220;default&#8220; background_color=&#8220;#0f0f0f&#8220; background_image=&#8220;https:\/\/test.dastn.org\/wp-content\/uploads\/2021\/11\/electrician_19.png&#8220; global_colors_info=&#8220;{}&#8220;][et_pb_row column_structure=&#8220;1_2,1_2&#8243; _builder_version=&#8220;4.13.1&#8243; _module_preset=&#8220;default&#8220; global_colors_info=&#8220;{}&#8220;][et_pb_column type=&#8220;1_2&#8243; _builder_version=&#8220;4.13.1&#8243; _module_preset=&#8220;default&#8220; global_colors_info=&#8220;{}&#8220;][et_pb_text _builder_version=&#8220;4.13.1&#8243; _module_preset=&#8220;default&#8220; header_text_color=&#8220;#919191&#8243; custom_margin=&#8220;||-3px|||&#8220; global_colors_info=&#8220;{}&#8220;]<\/p>\n<h1><strong>Emad Al-Sheikh Podcast<\/strong><\/h1>\n<p>Emad Al-Sheikh verr\u00e4t in seinem Podcast Unternehmensstrategien, Einkommens- und Entwicklungsm\u00f6glichkeiten sowie die besten Marketingtipps.\u00a0<\/p>\n<p>Der Podcast richtet sich an Unternehmer, an solche die es werden m\u00f6chten oder die jenigen die sich f\u00fcr das Thema interessieren. Au\u00dferdem zeigt es Ihnen wie Sie sich pers\u00f6nlich entwickeln k\u00f6nnt und wie man einen richtigen Zeitplan erstellt.<\/p>\n<p>[\/et_pb_text][et_pb_toggle title=&#8220;Mehr erfahren&#8220; open_toggle_text_color=&#8220;#c99700&#8243; icon_color=&#8220;#c99700&#8243; use_icon_font_size=&#8220;on&#8220; icon_font_size=&#8220;28px&#8220; open_icon_color=&#8220;#c99700&#8243; open_use_icon_font_size=&#8220;on&#8220; open_icon_font_size=&#8220;28px&#8220; _builder_version=&#8220;4.13.1&#8243; _module_preset=&#8220;default&#8220; title_font=&#8220;|700|||||||&#8220; title_text_align=&#8220;center&#8220; title_font_size=&#8220;19px&#8220; title_letter_spacing=&#8220;1px&#8220; background_color=&#8220;RGBA(0,0,0,0)&#8220; text_orientation=&#8220;left&#8220; border_width_all=&#8220;0px&#8220; global_colors_info=&#8220;{}&#8220; title__hover_enabled=&#8220;off|desktop&#8220;]<\/p>\n<p>Durch die Kombination von Social Media und unternehmerischem Wissen werden gr\u00f6\u00dftm\u00f6gliche Ergebnisse erzielt.<\/p>\n<p>Finden Sie heraus, wie Sie mit einfachen und verst\u00e4ndlichen Methoden mehr Flexibilit\u00e4t aufbauen und somit mehr Zeit f\u00fcr die Kernthemen haben.<\/p>\n<p>Sie suchen nach neuen Ideen, neuer Motivation oder Inspiration auf dem Weg zur Arbeit oder in Ihrer Freizeit?<\/p>\n<p>Dann ist der Podcast mit Emad Al Sheikh genau das Richtige f\u00fcr Sie! In jeder Folge widmet sich Emad einem bestimmten Thema wie Zeitmanagement, Marketing, Produktivit\u00e4t usw.\u00a0 Er stellt Ihnen verst\u00e4ndlich das Wissen und die Methoden vor, die er verwendet und die er bereits getestet hat. Au\u00dferdem werden auch zu bestimmten Themen interessante G\u00e4ste eingeladen, die in Ihren Bereichen Koryph\u00e4en sind und somit wertvolles Know-How mitbringen.<\/p>\n<p>[\/et_pb_toggle][\/et_pb_column][et_pb_column type=&#8220;1_2&#8243; _builder_version=&#8220;4.13.1&#8243; _module_preset=&#8220;default&#8220; global_colors_info=&#8220;{}&#8220;][et_pb_image src=&#8220;https:\/\/eamarketing24.de\/wp-content\/uploads\/2021\/11\/rule_podcast.jpg&#8220; title_text=&#8220;rule_podcast&#8220; _builder_version=&#8220;4.13.1&#8243; _module_preset=&#8220;default&#8220; border_radii=&#8220;on|8px|8px|8px|8px&#8220; box_shadow_style=&#8220;preset1&#8243; global_colors_info=&#8220;{}&#8220;][\/et_pb_image][\/et_pb_column][\/et_pb_row][et_pb_row _builder_version=&#8220;4.13.1&#8243; _module_preset=&#8220;default&#8220; global_colors_info=&#8220;{}&#8220;][et_pb_column type=&#8220;4_4&#8243; _builder_version=&#8220;4.13.1&#8243; _module_preset=&#8220;default&#8220; global_colors_info=&#8220;{}&#8220;][dnxte_text_color_motion text_color_motion=&#8220;Episoden&#8220; color_motion_color_one=&#8220;#C99700&#8243; color_motion_color_two=&#8220;#FFFFFF&#8220; color_motion_color_three=&#8220;#FFFFFF&#8220; color_motion_color_four=&#8220;#C99700&#8243; _builder_version=&#8220;4.13.1&#8243; _module_preset=&#8220;default&#8220; dnxt_color_motion_fonts_font=&#8220;|600|||||||&#8220; dnxt_color_motion_fonts_text_align=&#8220;left&#8220; dnxt_color_motion_fonts_font_size=&#8220;34px&#8220; dnxt_color_motion_fonts_letter_spacing=&#8220;4px&#8220; global_colors_info=&#8220;{}&#8220;][\/dnxte_text_color_motion][et_pb_text _builder_version=&#8220;4.13.1&#8243; _module_preset=&#8220;default&#8220; global_colors_info=&#8220;{}&#8220;]<iframe loading=\"lazy\" src=\"https:\/\/open.spotify.com\/embed\/show\/4hSrs78XyNVtxbUoQgAK9D?utm_source=generator&#038;theme=0&#038;t=0\" width=\"100%\" height=\"232\" frameBorder=\"0\" allowfullscreen=\"\" allow=\"autoplay; clipboard-write; encrypted-media; fullscreen; picture-in-picture\"><\/iframe>[\/et_pb_text][\/et_pb_column][\/et_pb_row][et_pb_row _builder_version=&#8220;4.13.1&#8243; _module_preset=&#8220;default&#8220; global_colors_info=&#8220;{}&#8220;][et_pb_column type=&#8220;4_4&#8243; _builder_version=&#8220;4.13.1&#8243; _module_preset=&#8220;default&#8220; global_colors_info=&#8220;{}&#8220;][et_pb_button button_url=&#8220;https:\/\/open.spotify.com\/show\/4hSrs78XyNVtxbUoQgAK9D?%20si=N6dBJCpvR8ydvRy7P7Ximg&#038;dl_branch=1&#038;nd=1&#8243; button_text=&#8220;Alle Folgen&#8220; button_alignment=&#8220;center&#8220; _builder_version=&#8220;4.13.1&#8243; _module_preset=&#8220;default&#8220; custom_button=&#8220;on&#8220; button_text_color=&#8220;#E09900&#8243; hover_enabled=&#8220;0&#8243; global_colors_info=&#8220;{}&#8220; sticky_enabled=&#8220;0&#8243;][\/et_pb_button][\/et_pb_column][\/et_pb_row][et_pb_row _builder_version=&#8220;4.13.1&#8243; _module_preset=&#8220;default&#8220; global_colors_info=&#8220;{}&#8220;][et_pb_column type=&#8220;4_4&#8243; _builder_version=&#8220;4.13.1&#8243; _module_preset=&#8220;default&#8220; global_colors_info=&#8220;{}&#8220;][dnxte_text_color_motion text_color_motion=&#8220;Folge Uns Auf&#8220; color_motion_color_one=&#8220;#C99700&#8243; color_motion_color_two=&#8220;#FFFFFF&#8220; color_motion_color_three=&#8220;#FFFFFF&#8220; color_motion_color_four=&#8220;#C99700&#8243; _builder_version=&#8220;4.13.1&#8243; _module_preset=&#8220;default&#8220; dnxt_color_motion_fonts_font=&#8220;|600|||||||&#8220; dnxt_color_motion_fonts_text_align=&#8220;center&#8220; dnxt_color_motion_fonts_font_size=&#8220;38px&#8220; dnxt_color_motion_fonts_letter_spacing=&#8220;4px&#8220; global_colors_info=&#8220;{}&#8220;][\/dnxte_text_color_motion][\/et_pb_column][\/et_pb_row][et_pb_row column_structure=&#8220;1_3,1_3,1_3&#8243; _builder_version=&#8220;3.25&#8243; global_colors_info=&#8220;{}&#8220;][et_pb_column type=&#8220;1_3&#8243; _builder_version=&#8220;3.25&#8243; custom_padding=&#8220;|||&#8220; global_colors_info=&#8220;{}&#8220; custom_padding__hover=&#8220;|||&#8220;][et_pb_blurb title=&#8220;Facebook&#8220; url=&#8220;https:\/\/www.facebook.com\/emad.alsheikh.versicherungen&#8220; url_new_window=&#8220;on&#8220; use_icon=&#8220;on&#8220; font_icon=&#8220;&#xe0c1;||divi||400&#8243; icon_color=&#8220;#ffffff&#8220; image_icon_background_color=&#8220;#c99700&#8243; image_icon_width=&#8220;38px&#8220; _builder_version=&#8220;4.13.1&#8243; header_font=&#8220;Libre Franklin|600|||||||&#8220; header_line_height=&#8220;1.8em&#8220; body_font=&#8220;||||||||&#8220; body_line_height=&#8220;1.8em&#8220; image_icon_custom_padding=&#8220;25px|25px|25px|25px|false|false&#8220; text_orientation=&#8220;center&#8220; animation=&#8220;off&#8220; link_option_url=&#8220;https:\/\/www.facebook.com\/emad.alsheikh.versicherungen&#8220; link_option_url_new_window=&#8220;on&#8220; border_radii_image=&#8220;on|100%|100%|100%|100%&#8220; border_color_all_image=&#8220;#000080&#8243; icon_font_size=&#8220;18px&#8220; use_circle=&#8220;on&#8220; use_circle_border=&#8220;on&#8220; circle_border_color=&#8220;#004ffe&#8220; circle_color=&#8220;#004ffe&#8220; global_colors_info=&#8220;{}&#8220; image_icon_background_color__sticky_enabled=&#8220;#7EBEC5&#8243; image_icon_background_color__sticky=&#8220;#7EBEC5&#8243;]<\/p>\n<p><strong>Emad Al Sheikh<\/strong><\/p>\n<p>[\/et_pb_blurb][et_pb_blurb title=&#8220;Linkedin&#8220; url=&#8220;https:\/\/www.linkedin.com\/in\/emad-al-sheikh-aab79a1a2\/&#8220; url_new_window=&#8220;on&#8220; use_icon=&#8220;on&#8220; font_icon=&#8220;&#xe09d;||divi||400&#8243; icon_color=&#8220;#ffffff&#8220; image_icon_background_color=&#8220;#c99700&#8243; image_icon_width=&#8220;38px&#8220; _builder_version=&#8220;4.13.1&#8243; header_font=&#8220;Libre Franklin|600|||||||&#8220; header_line_height=&#8220;1.8em&#8220; body_font=&#8220;||||||||&#8220; body_line_height=&#8220;1.8em&#8220; image_icon_custom_padding=&#8220;25px|25px|25px|25px|false|false&#8220; text_orientation=&#8220;center&#8220; animation=&#8220;off&#8220; link_option_url=&#8220;https:\/\/www.linkedin.com\/in\/emad-al-sheikh-aab79a1a2\/&#8220; link_option_url_new_window=&#8220;on&#8220; border_radii_image=&#8220;on|100%|100%|100%|100%&#8220; border_color_all_image=&#8220;#000080&#8243; icon_font_size=&#8220;18px&#8220; use_circle=&#8220;on&#8220; use_circle_border=&#8220;on&#8220; circle_border_color=&#8220;#004ffe&#8220; circle_color=&#8220;#004ffe&#8220; global_colors_info=&#8220;{}&#8220; image_icon_background_color__sticky_enabled=&#8220;#7EBEC5&#8243; image_icon_background_color__sticky=&#8220;#7EBEC5&#8243;]<\/p>\n<p><strong>Emad Al Sheikh<\/strong><\/p>\n<p>[\/et_pb_blurb][et_pb_blurb title=&#8220;Tiktok&#8220; url=&#8220;https:\/\/www.tiktok.com\/@emadalsheikh?&#8220; url_new_window=&#8220;on&#8220; use_icon=&#8220;on&#8220; font_icon=&#8220;&#xe07b;||fa||400&#8243; icon_color=&#8220;#ffffff&#8220; image_icon_background_color=&#8220;#c99700&#8243; image_icon_width=&#8220;37px&#8220; _builder_version=&#8220;4.13.1&#8243; header_font=&#8220;Libre Franklin|600|||||||&#8220; header_line_height=&#8220;1.8em&#8220; body_font=&#8220;||||||||&#8220; body_line_height=&#8220;1.8em&#8220; image_icon_custom_padding=&#8220;25px|25px|25px|25px|false|false&#8220; text_orientation=&#8220;center&#8220; animation=&#8220;off&#8220; link_option_url=&#8220;https:\/\/www.tiktok.com\/@emadalsheikh?&#8220; link_option_url_new_window=&#8220;on&#8220; border_radii_image=&#8220;on|100%|100%|100%|100%&#8220; border_color_all_image=&#8220;#000080&#8243; icon_font_size=&#8220;18px&#8220; use_circle=&#8220;on&#8220; use_circle_border=&#8220;on&#8220; circle_border_color=&#8220;#004ffe&#8220; circle_color=&#8220;#004ffe&#8220; locked=&#8220;off&#8220; global_colors_info=&#8220;{}&#8220; image_icon_background_color__sticky_enabled=&#8220;#7EBEC5&#8243; image_icon_background_color__sticky=&#8220;#7EBEC5&#8243;]<\/p>\n<p><strong>@emadalsheikh<\/strong><\/p>\n<p>[\/et_pb_blurb][\/et_pb_column][et_pb_column type=&#8220;1_3&#8243; _builder_version=&#8220;3.25&#8243; custom_padding=&#8220;|||&#8220; global_colors_info=&#8220;{}&#8220; custom_padding__hover=&#8220;|||&#8220;][et_pb_blurb title=&#8220;Whatsapp&#8220; url=&#8220;https:\/\/api.whatsapp.com\/send?phone=4915678340527&#8243; url_new_window=&#8220;on&#8220; use_icon=&#8220;on&#8220; font_icon=&#8220;&#xf232;||fa||400&#8243; icon_color=&#8220;#ffffff&#8220; image_icon_background_color=&#8220;#c99700&#8243; image_icon_width=&#8220;37px&#8220; _builder_version=&#8220;4.13.1&#8243; header_font=&#8220;Libre Franklin|600|||||||&#8220; header_line_height=&#8220;1.8em&#8220; body_font=&#8220;||||||||&#8220; body_line_height=&#8220;1.8em&#8220; image_icon_custom_padding=&#8220;25px|25px|25px|25px|false|false&#8220; text_orientation=&#8220;center&#8220; animation=&#8220;off&#8220; link_option_url=&#8220;https:\/\/api.whatsapp.com\/send?phone=4915678340527&#8243; link_option_url_new_window=&#8220;on&#8220; border_radii_image=&#8220;on|100%|100%|100%|100%&#8220; border_color_all_image=&#8220;#000080&#8243; icon_font_size=&#8220;18px&#8220; use_circle=&#8220;on&#8220; use_circle_border=&#8220;on&#8220; circle_border_color=&#8220;#004ffe&#8220; circle_color=&#8220;#004ffe&#8220; locked=&#8220;off&#8220; global_colors_info=&#8220;{}&#8220; image_icon_background_color__sticky_enabled=&#8220;#7EBEC5&#8243; image_icon_background_color__sticky=&#8220;#7EBEC5&#8243;]<\/p>\n<p><strong>+49 15678 340527<\/strong><\/p>\n<p>[\/et_pb_blurb][et_pb_blurb title=&#8220;Youtube&#8220; url=&#8220;https:\/\/www.youtube.com\/channel\/UCkoNBXK6jL4AfQMTEJ3WBGw&#8220; url_new_window=&#8220;on&#8220; use_icon=&#8220;on&#8220; font_icon=&#8220;&#xe0a3;||divi||400&#8243; icon_color=&#8220;#ffffff&#8220; image_icon_background_color=&#8220;#c99700&#8243; image_icon_width=&#8220;37px&#8220; _builder_version=&#8220;4.13.1&#8243; header_font=&#8220;Libre Franklin|600|||||||&#8220; header_line_height=&#8220;1.8em&#8220; body_font=&#8220;||||||||&#8220; body_line_height=&#8220;1.8em&#8220; image_icon_custom_padding=&#8220;25px|25px|25px|25px|false|false&#8220; text_orientation=&#8220;center&#8220; animation=&#8220;off&#8220; link_option_url=&#8220;https:\/\/www.youtube.com\/channel\/UCkoNBXK6jL4AfQMTEJ3WBGw&#8220; link_option_url_new_window=&#8220;on&#8220; border_radii_image=&#8220;on|100%|100%|100%|100%&#8220; border_color_all_image=&#8220;#000080&#8243; icon_font_size=&#8220;18px&#8220; use_circle=&#8220;on&#8220; use_circle_border=&#8220;on&#8220; circle_border_color=&#8220;#004ffe&#8220; circle_color=&#8220;#004ffe&#8220; locked=&#8220;off&#8220; global_colors_info=&#8220;{}&#8220; image_icon_background_color__sticky_enabled=&#8220;#7EBEC5&#8243; image_icon_background_color__sticky=&#8220;#7EBEC5&#8243;]<\/p>\n<p><strong>Emad Al Sheikh_\u0639\u0645\u0627\u062f \u0627\u0644\u0634\u064a\u062e<\/strong><\/p>\n<p>[\/et_pb_blurb][et_pb_blurb title=&#8220;Apple Podcast&#8220; url=&#8220;https:\/\/podcasts.apple.com\/de\/podcast\/\u0627\u0644\u0634\u064a\u062e-\u0639\u0645\u0627\u062f-\u0645\u0639-\u0641\u0631\u0635\u0629\/id1581747288&#8243; url_new_window=&#8220;on&#8220; use_icon=&#8220;on&#8220; font_icon=&#8220;&#xf3b5;||fa||400&#8243; icon_color=&#8220;#ffffff&#8220; image_icon_background_color=&#8220;#c99700&#8243; image_icon_width=&#8220;38px&#8220; _builder_version=&#8220;4.13.1&#8243; header_font=&#8220;Libre Franklin|600|||||||&#8220; header_line_height=&#8220;1.8em&#8220; body_font=&#8220;||||||||&#8220; body_line_height=&#8220;1.8em&#8220; image_icon_custom_padding=&#8220;25px|25px|25px|25px|false|false&#8220; text_orientation=&#8220;center&#8220; animation=&#8220;off&#8220; link_option_url=&#8220;https:\/\/podcasts.apple.com\/de\/podcast\/\u0627\u0644\u0634\u064a\u062e-\u0639\u0645\u0627\u062f-\u0645\u0639-\u0641\u0631\u0635\u0629\/id1581747288&#8243; link_option_url_new_window=&#8220;on&#8220; border_radii_image=&#8220;on|100%|100%|100%|100%&#8220; border_color_all_image=&#8220;#000080&#8243; icon_font_size=&#8220;18px&#8220; use_circle=&#8220;on&#8220; use_circle_border=&#8220;on&#8220; circle_border_color=&#8220;#004ffe&#8220; circle_color=&#8220;#004ffe&#8220; global_colors_info=&#8220;{}&#8220; image_icon_background_color__sticky_enabled=&#8220;#7EBEC5&#8243; image_icon_background_color__sticky=&#8220;#7EBEC5&#8243;][\/et_pb_blurb][\/et_pb_column][et_pb_column type=&#8220;1_3&#8243; _builder_version=&#8220;3.25&#8243; custom_padding=&#8220;|||&#8220; global_colors_info=&#8220;{}&#8220; custom_padding__hover=&#8220;|||&#8220;][et_pb_blurb title=&#8220;Instagram&#8220; url=&#8220;https:\/\/www.instagram.com\/emad.al.sheikh\/&#8220; url_new_window=&#8220;on&#8220; use_icon=&#8220;on&#8220; font_icon=&#8220;&#xf16d;||fa||400&#8243; icon_color=&#8220;#ffffff&#8220; image_icon_background_color=&#8220;#c99700&#8243; image_icon_width=&#8220;37px&#8220; _builder_version=&#8220;4.13.1&#8243; header_font=&#8220;Libre Franklin|600|||||||&#8220; header_line_height=&#8220;1.8em&#8220; body_font=&#8220;||||||||&#8220; body_line_height=&#8220;1.8em&#8220; image_icon_custom_padding=&#8220;25px|25px|25px|25px|false|false&#8220; text_orientation=&#8220;center&#8220; animation=&#8220;off&#8220; link_option_url=&#8220;https:\/\/www.instagram.com\/emad.al.sheikh\/&#8220; link_option_url_new_window=&#8220;on&#8220; border_radii_image=&#8220;on|100%|100%|100%|100%&#8220; border_color_all_image=&#8220;#000080&#8243; icon_font_size=&#8220;18px&#8220; use_circle=&#8220;on&#8220; use_circle_border=&#8220;on&#8220; circle_border_color=&#8220;#004ffe&#8220; circle_color=&#8220;#004ffe&#8220; locked=&#8220;off&#8220; global_colors_info=&#8220;{}&#8220; image_icon_background_color__sticky_enabled=&#8220;#7EBEC5&#8243; image_icon_background_color__sticky=&#8220;#7EBEC5&#8243;]<\/p>\n<p><strong>@emad.al.sheikh<\/strong><\/p>\n<p>[\/et_pb_blurb][et_pb_blurb title=&#8220;Xing&#8220; url=&#8220;https:\/\/www.xing.com\/profile\/Emad_Alsheikh&#8220; url_new_window=&#8220;on&#8220; use_icon=&#8220;on&#8220; font_icon=&#8220;&#xf168;||fa||400&#8243; icon_color=&#8220;#ffffff&#8220; image_icon_background_color=&#8220;#c99700&#8243; image_icon_width=&#8220;37px&#8220; _builder_version=&#8220;4.13.1&#8243; header_font=&#8220;Libre Franklin|600|||||||&#8220; header_line_height=&#8220;1.8em&#8220; body_font=&#8220;||||||||&#8220; body_line_height=&#8220;1.8em&#8220; image_icon_custom_padding=&#8220;25px|25px|25px|25px|false|false&#8220; text_orientation=&#8220;center&#8220; animation=&#8220;off&#8220; link_option_url=&#8220;https:\/\/www.xing.com\/profile\/Emad_Alsheikh&#8220; link_option_url_new_window=&#8220;on&#8220; border_radii_image=&#8220;on|100%|100%|100%|100%&#8220; border_color_all_image=&#8220;#000080&#8243; icon_font_size=&#8220;18px&#8220; use_circle=&#8220;on&#8220; use_circle_border=&#8220;on&#8220; circle_border_color=&#8220;#004ffe&#8220; circle_color=&#8220;#004ffe&#8220; locked=&#8220;off&#8220; global_colors_info=&#8220;{}&#8220; image_icon_background_color__sticky_enabled=&#8220;#7EBEC5&#8243; image_icon_background_color__sticky=&#8220;#7EBEC5&#8243;]<\/p>\n<p class=\"headlinestyles__Headline-sc-1gpssxl-0 gognAU src-section_headline-headline-7a3e6cde src-xing_id-headline-0c4bd868\"><strong>Emad Al Sheikh<\/strong><\/p>\n<p>[\/et_pb_blurb][\/et_pb_column][\/et_pb_row][\/et_pb_section]<\/p>\n","protected":false},"excerpt":{"rendered":"<p>Emad Al-Sheikh Podcast Emad Al-Sheikh verr\u00e4t in seinem Podcast Unternehmensstrategien, Einkommens- und Entwicklungsm\u00f6glichkeiten sowie die besten Marketingtipps.\u00a0 Der Podcast richtet sich an Unternehmer, an solche die es werden m\u00f6chten oder die jenigen die sich f\u00fcr das Thema interessieren. Au\u00dferdem zeigt es Ihnen wie Sie sich pers\u00f6nlich entwickeln k\u00f6nnt und wie man einen richtigen Zeitplan erstellt.Durch [&hellip;]<\/p>\n","protected":false},"author":1,"featured_media":0,"parent":0,"menu_order":0,"comment_status":"closed","ping_status":"closed","template":"","meta":{"_et_pb_use_builder":"on","_et_pb_old_content":"","_et_gb_content_width":"","_monsterinsights_skip_tracking":false,"_monsterinsights_sitenote_active":false,"_monsterinsights_sitenote_note":"","_monsterinsights_sitenote_category":0,"footnotes":""},"class_list":["post-241935","page","type-page","status-publish","hentry"],"_links":{"self":[{"href":"https:\/\/eamarketing24.de\/en\/wp-json\/wp\/v2\/pages\/241935","targetHints":{"allow":["GET"]}}],"collection":[{"href":"https:\/\/eamarketing24.de\/en\/wp-json\/wp\/v2\/pages"}],"about":[{"href":"https:\/\/eamarketing24.de\/en\/wp-json\/wp\/v2\/types\/page"}],"author":[{"embeddable":true,"href":"https:\/\/eamarketing24.de\/en\/wp-json\/wp\/v2\/users\/1"}],"replies":[{"embeddable":true,"href":"https:\/\/eamarketing24.de\/en\/wp-json\/wp\/v2\/comments?post=241935"}],"version-history":[{"count":16,"href":"https:\/\/eamarketing24.de\/en\/wp-json\/wp\/v2\/pages\/241935\/revisions"}],"predecessor-version":[{"id":242059,"href":"https:\/\/eamarketing24.de\/en\/wp-json\/wp\/v2\/pages\/241935\/revisions\/242059"}],"wp:attachment":[{"href":"https:\/\/eamarketing24.de\/en\/wp-json\/wp\/v2\/media?parent=241935"}],"curies":[{"name":"wp","href":"https:\/\/api.w.org\/{rel}","templated":true}]}}